{"id":165,"date":"2024-06-23T21:26:57","date_gmt":"2024-06-24T01:26:57","guid":{"rendered":"https:\/\/elleganza.cl\/?page_id=165"},"modified":"2024-06-27T20:32:47","modified_gmt":"2024-06-28T00:32:47","slug":"quienes-somos","status":"publish","type":"page","link":"https:\/\/elleganza.cl\/?page_id=165","title":{"rendered":"Quienes somos"},"content":{"rendered":"\n<div class=\"wp-block-group alignfull has-accent-background-color has-background is-layout-constrained wp-container-core-group-is-layout-669513ed wp-block-group-is-layout-constrained\" style=\"margin-top:0;margin-bottom:0;padding-top:var(--wp--preset--spacing--50);padding-right:var(--wp--preset--spacing--50);padding-bottom:var(--wp--preset--spacing--50);padding-left:var(--wp--preset--spacing--50)\">\n<div class=\"wp-block-columns alignwide is-layout-flex wp-container-core-columns-is-layout-1da03c2a wp-block-columns-is-layout-flex\">\n<div class=\"wp-block-column is-vertically-aligned-stretch is-layout-flow wp-block-column-is-layout-flow\" style=\"flex-basis:50%\">\n<div class=\"wp-block-group is-vertical is-content-justification-stretch is-layout-flex wp-container-core-group-is-layout-444d5ee8 wp-block-group-is-layout-flex\" style=\"min-height:100%\">\n<p class=\"has-heading-font-family has-x-large-font-size\" style=\"line-height:1.2\">Elleganza es una empresa especializada en la creaci\u00f3n y venta de joyas exclusivas para mujeres.<\/p>\n\n\n\n<p class=\"has-heading-font-family has-x-large-font-size\" style=\"line-height:1.2\">Nuestra pasi\u00f3n es empoderar a las mujeres a trav\u00e9s de joyas que celebren su belleza \u00fanica y les hagan sentir seguras de s\u00ed mismas.<\/p>\n\n\n\n<p class=\"has-heading-font-family has-x-large-font-size\" style=\"line-height:1.2\">Creemos que las joyas son m\u00e1s que simples accesorios, son una forma de expresi\u00f3n personal y un recordatorio del poder interior que cada mujer posee.<\/p>\n<\/div>\n<\/div>\n\n\n\n<div class=\"wp-block-column is-vertically-aligned-center is-layout-flow wp-block-column-is-layout-flow\" style=\"flex-basis:50%\">\n<figure class=\"wp-block-image size-large is-style-rounded is-style-rounded--1\"><img decoding=\"async\" src=\"https:\/\/elleganza.cl\/wp-content\/themes\/twentytwentyfour\/assets\/images\/museum.webp\" alt=\"Una rampa a lo largo de una pared curva en el Museo Kiasma, Helsinki, Finlandia\" style=\"aspect-ratio:3\/4;object-fit:cover\"\/><\/figure>\n<\/div>\n<\/div>\n<\/div>\n\n\n\n<div class=\"wp-block-group alignfull has-base-background-color has-background is-layout-constrained wp-container-core-group-is-layout-d89aad35 wp-block-group-is-layout-constrained\" style=\"margin-top:0;margin-bottom:0;padding-top:var(--wp--preset--spacing--50);padding-right:var(--wp--preset--spacing--50);padding-bottom:var(--wp--preset--spacing--50);padding-left:var(--wp--preset--spacing--50)\">\n<div class=\"wp-block-columns alignwide is-layout-flex wp-container-core-columns-is-layout-549b0c86 wp-block-columns-is-layout-flex\">\n<div class=\"wp-block-column is-content-justification-left is-layout-constrained wp-container-core-column-is-layout-4f15e8fe wp-block-column-is-layout-constrained\" style=\"flex-basis:40%\">\n<p><\/p>\n<\/div>\n\n\n\n<div class=\"wp-block-column is-layout-flow wp-container-core-column-is-layout-119bc444 wp-block-column-is-layout-flow\" style=\"flex-basis:60%\">\n<p class=\"has-heading-font-family has-large-font-size\" style=\"line-height:1.2\">Con una meticulosa atenci\u00f3n al detalle y un compromiso con la excelencia, ofrecemos una variedad de joyas que inspiran, elevan y enriquecen la vida de quienes las usan.<\/p>\n\n\n\n<h2 class=\"wp-block-heading\">Nuestro Compromiso..<\/h2>\n\n\n\n<div class=\"wp-block-columns is-layout-flex wp-container-core-columns-is-layout-87beb0d0 wp-block-columns-is-layout-flex\">\n<div class=\"wp-block-column is-layout-flow wp-block-column-is-layout-flow\">\n<p>Ofrecer joyas de alta calidad elaboradas con materiales y artesan\u00eda excepcionales.<\/p>\n\n\n\n<p>Dise\u00f1ar piezas \u00fanicas y distintivas que reflejen la personalidad y el estilo de cada mujer.<\/p>\n\n\n\n<p>Brindar un servicio al cliente impecable, con atenci\u00f3n personalizada y un trato amable.<\/p>\n\n\n\n<p><\/p>\n<\/div>\n\n\n\n<div class=\"wp-block-column is-layout-flow wp-block-column-is-layout-flow\">\n<p>Ofrecer precios competitivos que hagan que nuestras joyas sean accesibles para todas las mujeres.<\/p>\n\n\n\n<p>Promover valores como el empoderamiento femenino, la sostenibilidad y la \u00e9tica.<\/p>\n\n\n\n<p>Somos un equipo de mujeres apasionadas por las joyas y por el poder que tienen para transformar la vida de las personas.<\/p>\n<\/div>\n<\/div>\n<\/div>\n<\/div>\n<\/div>\n\n\n\n<div class=\"wp-block-group alignfull has-accent-5-background-color has-background is-layout-constrained wp-container-core-group-is-layout-d89aad35 wp-block-group-is-layout-constrained\" style=\"margin-top:0;margin-bottom:0;padding-top:var(--wp--preset--spacing--50);padding-right:var(--wp--preset--spacing--50);padding-bottom:var(--wp--preset--spacing--50);padding-left:var(--wp--preset--spacing--50)\">\n<div class=\"wp-block-columns alignwide is-layout-flex wp-container-core-columns-is-layout-1da03c2a wp-block-columns-is-layout-flex\">\n<div class=\"wp-block-column is-vertically-aligned-center is-layout-flow wp-block-column-is-layout-flow\" style=\"flex-basis:60%\">\n<figure class=\"wp-block-image size-full is-style-rounded wp-duotone-varpresetduotoneduotone-1-3 is-style-rounded--2\"><img loading=\"lazy\" decoding=\"async\" width=\"867\" height=\"1300\" src=\"https:\/\/elleganza.cl\/wp-content\/uploads\/2024\/06\/pexels-photo-22616223.jpeg\" alt=\"close up of illuminated lanterns\" class=\"wp-image-168\" style=\"aspect-ratio:4\/3;object-fit:cover\" srcset=\"https:\/\/elleganza.cl\/wp-content\/uploads\/2024\/06\/pexels-photo-22616223.jpeg 867w, https:\/\/elleganza.cl\/wp-content\/uploads\/2024\/06\/pexels-photo-22616223-600x900.jpeg 600w, https:\/\/elleganza.cl\/wp-content\/uploads\/2024\/06\/pexels-photo-22616223-200x300.jpeg 200w, https:\/\/elleganza.cl\/wp-content\/uploads\/2024\/06\/pexels-photo-22616223-683x1024.jpeg 683w, https:\/\/elleganza.cl\/wp-content\/uploads\/2024\/06\/pexels-photo-22616223-768x1152.jpeg 768w\" sizes=\"auto, (max-width: 867px) 100vw, 867px\" \/><\/figure>\n<\/div>\n\n\n\n<div class=\"wp-block-column is-layout-flow wp-block-column-is-layout-flow\" style=\"flex-basis:40%\">\n<h2 class=\"wp-block-heading\">Nuestra propuesta<\/h2>\n\n\n\n<p>Nuestra misi\u00f3n es inspirar a las mujeres a brillar con luz propia y a perseguir sus sue\u00f1os con confianza.<\/p>\n\n\n\n<p>Te invitamos a conocer nuestra colecci\u00f3n de joyas y a unirte a nuestra comunidad de mujeres empoderadas<\/p>\n\n\n\n<div class=\"wp-block-buttons is-layout-flex wp-block-buttons-is-layout-flex\">\n<div class=\"wp-block-button\"><a class=\"wp-block-button__link wp-element-button\" href=\"https:\/\/elleganza.cl\/?post_type=product\">Nuestros productos<\/a><\/div>\n<\/div>\n<\/div>\n<\/div>\n<\/div>\n\n\n\n<div class=\"wp-block-group alignfull is-layout-constrained wp-container-core-group-is-layout-669513ed wp-block-group-is-layout-constrained\" style=\"margin-top:0;margin-bottom:0;padding-top:var(--wp--preset--spacing--50);padding-right:var(--wp--preset--spacing--50);padding-bottom:var(--wp--preset--spacing--50);padding-left:var(--wp--preset--spacing--50)\">\n<div class=\"wp-block-group is-vertical is-content-justification-center is-layout-flex wp-container-core-group-is-layout-ce155fab wp-block-group-is-layout-flex\">\n<h2 class=\"wp-block-heading has-text-align-center has-xx-large-font-size\">Conoce a nuestro equipo<\/h2>\n\n\n\n<p class=\"has-text-align-center\">Nuestro amplio conjunto de profesionales atiende a un equipo diverso, que va desde arquitectos experimentados a ingenieros de renombre.<\/p>\n<\/div>\n\n\n\n<div style=\"height:var(--wp--preset--spacing--30)\" aria-hidden=\"true\" class=\"wp-block-spacer\"><\/div>\n\n\n\n<div class=\"wp-block-columns alignwide is-layout-flex wp-container-core-columns-is-layout-4935966c wp-block-columns-is-layout-flex\" style=\"padding-right:0;padding-left:0\">\n<div class=\"wp-block-column is-layout-flow wp-block-column-is-layout-flow\">\n\n\n<div class=\"wp-block-group is-vertical is-content-justification-center is-nowrap is-layout-flex wp-container-core-group-is-layout-21d4e958 wp-block-group-is-layout-flex\">\n<p class=\"has-text-align-center has-small-font-size\"><strong>Lorena<\/strong><\/p>\n\n\n\n<p class=\"has-text-align-center has-small-font-size\">Fundador, Director general y Arquitecto<\/p>\n<\/div>\n<\/div>\n\n\n\n<div class=\"wp-block-column is-layout-flow wp-block-column-is-layout-flow\">\n\n\n<div class=\"wp-block-group is-vertical is-content-justification-center is-nowrap is-layout-flex wp-container-core-group-is-layout-63bfd6c1 wp-block-group-is-layout-flex\">\n<p class=\"has-text-align-center has-small-font-size\"><strong>Ingrid<\/strong><\/p>\n\n\n\n<p class=\"has-text-align-center has-small-font-size\">Director de Marketing<\/p>\n<\/div>\n<\/div>\n\n\n\n<div class=\"wp-block-column is-layout-flow wp-block-column-is-layout-flow\">\n\n\n<div class=\"wp-block-group is-vertical is-content-justification-center is-nowrap is-layout-flex wp-container-core-group-is-layout-63bfd6c1 wp-block-group-is-layout-flex\">\n<p class=\"has-text-align-center has-small-font-size\"><strong>Ricardo<\/strong><\/p>\n\n\n\n<p class=\"has-text-align-center has-small-font-size\">Community Manager RRSS<\/p>\n<\/div>\n<\/div>\n\n\n\n<div class=\"wp-block-column is-layout-flow wp-block-column-is-layout-flow\">\n\n\n<div class=\"wp-block-group is-vertical is-content-justification-center is-nowrap is-layout-flex wp-container-core-group-is-layout-21d4e958 wp-block-group-is-layout-flex\">\n<p class=\"has-text-align-center has-small-font-size\"><strong>Jaime<\/strong><\/p>\n\n\n\n<p class=\"has-text-align-center has-small-font-size\">Gestor de proyectos<\/p>\n<\/div>\n<\/div>\n<\/div>\n<\/div>\n","protected":false},"excerpt":{"rendered":"<p>Elleganza es una empresa especializada en la creaci\u00f3n y venta de joyas exclusivas para mujeres. Nuestra pasi\u00f3n es empoderar a las mujeres a trav\u00e9s de joyas que celebren su belleza \u00fanica y les hagan sentir seguras de s\u00ed mismas. Creemos que las joyas son m\u00e1s que simples accesorios, son una forma de expresi\u00f3n personal y [&hellip;]<\/p>\n","protected":false},"author":1,"featured_media":0,"parent":0,"menu_order":0,"comment_status":"closed","ping_status":"closed","template":"","meta":{"_uag_custom_page_level_css":"","footnotes":""},"class_list":["post-165","page","type-page","status-publish","hentry"],"uagb_featured_image_src":{"full":false,"thumbnail":false,"medium":false,"medium_large":false,"large":false,"1536x1536":false,"2048x2048":false,"mailpoet_newsletter_max":false,"woocommerce_thumbnail":false,"woocommerce_single":false,"woocommerce_gallery_thumbnail":false},"uagb_author_info":{"display_name":"Admin Elleganza","author_link":"https:\/\/elleganza.cl\/?author=1"},"uagb_comment_info":0,"uagb_excerpt":"Elleganza es una empresa especializada en la creaci\u00f3n y venta de joyas exclusivas para mujeres. Nuestra pasi\u00f3n es empoderar a las mujeres a trav\u00e9s de joyas que celebren su belleza \u00fanica y les hagan sentir seguras de s\u00ed mismas. Creemos que las joyas son m\u00e1s que simples accesorios, son una forma de expresi\u00f3n personal y&hellip;","jetpack_sharing_enabled":true,"_links":{"self":[{"href":"https:\/\/elleganza.cl\/index.php?rest_route=\/wp\/v2\/pages\/165","targetHints":{"allow":["GET"]}}],"collection":[{"href":"https:\/\/elleganza.cl\/index.php?rest_route=\/wp\/v2\/pages"}],"about":[{"href":"https:\/\/elleganza.cl\/index.php?rest_route=\/wp\/v2\/types\/page"}],"author":[{"embeddable":true,"href":"https:\/\/elleganza.cl\/index.php?rest_route=\/wp\/v2\/users\/1"}],"replies":[{"embeddable":true,"href":"https:\/\/elleganza.cl\/index.php?rest_route=%2Fwp%2Fv2%2Fcomments&post=165"}],"version-history":[{"count":3,"href":"https:\/\/elleganza.cl\/index.php?rest_route=\/wp\/v2\/pages\/165\/revisions"}],"predecessor-version":[{"id":232,"href":"https:\/\/elleganza.cl\/index.php?rest_route=\/wp\/v2\/pages\/165\/revisions\/232"}],"wp:attachment":[{"href":"https:\/\/elleganza.cl\/index.php?rest_route=%2Fwp%2Fv2%2Fmedia&parent=165"}],"curies":[{"name":"wp","href":"https:\/\/api.w.org\/{rel}","templated":true}]}}