{"id":110,"date":"2024-11-24T17:12:16","date_gmt":"2024-11-24T21:12:16","guid":{"rendered":"https:\/\/elleganza.cl\/?post_type=product&#038;p=110"},"modified":"2024-11-24T17:13:06","modified_gmt":"2024-11-24T21:13:06","slug":"aros-argolla-grande","status":"publish","type":"product","link":"https:\/\/elleganza.cl\/?product=aros-argolla-grande","title":{"rendered":"Aros argolla grande"},"content":{"rendered":"<p>Aros argolla grande<\/p>\n","protected":false},"excerpt":{"rendered":"<p><span style=\"font-weight: 400;\">Aro ba\u00f1ado en oro 18k, hipoalerg\u00e9nicos. Di\u00e1metro argolla: 4 cm\u200b.<\/span><\/p>\n","protected":false},"featured_media":447,"comment_status":"closed","ping_status":"closed","template":"","meta":{"_uag_custom_page_level_css":""},"product_brand":[],"product_cat":[20,19],"product_tag":[33],"class_list":{"0":"post-110","1":"product","2":"type-product","3":"status-publish","4":"has-post-thumbnail","6":"product_cat-aros","7":"product_cat-joyas","8":"product_tag-joyas-joyaschile","9":"product_shipping_class-pequeno","11":"first","12":"instock","13":"shipping-taxable","14":"purchasable","15":"product-type-simple"},"uagb_featured_image_src":{"full":["https:\/\/elleganza.cl\/wp-content\/uploads\/2024\/11\/Aros-argollas-delgadas.png",267,171,false],"thumbnail":["https:\/\/elleganza.cl\/wp-content\/uploads\/2024\/11\/Aros-argollas-delgadas-150x150.png",150,150,true],"medium":["https:\/\/elleganza.cl\/wp-content\/uploads\/2024\/11\/Aros-argollas-delgadas.png",267,171,false],"medium_large":["https:\/\/elleganza.cl\/wp-content\/uploads\/2024\/11\/Aros-argollas-delgadas.png",267,171,false],"large":["https:\/\/elleganza.cl\/wp-content\/uploads\/2024\/11\/Aros-argollas-delgadas.png",267,171,false],"1536x1536":["https:\/\/elleganza.cl\/wp-content\/uploads\/2024\/11\/Aros-argollas-delgadas.png",267,171,false],"2048x2048":["https:\/\/elleganza.cl\/wp-content\/uploads\/2024\/11\/Aros-argollas-delgadas.png",267,171,false],"mailpoet_newsletter_max":["https:\/\/elleganza.cl\/wp-content\/uploads\/2024\/11\/Aros-argollas-delgadas.png",267,171,false],"woocommerce_thumbnail":["https:\/\/elleganza.cl\/wp-content\/uploads\/2024\/11\/Aros-argollas-delgadas.png",267,171,false],"woocommerce_single":["https:\/\/elleganza.cl\/wp-content\/uploads\/2024\/11\/Aros-argollas-delgadas.png",267,171,false],"woocommerce_gallery_thumbnail":["https:\/\/elleganza.cl\/wp-content\/uploads\/2024\/11\/Aros-argollas-delgadas-100x100.png",100,100,true]},"uagb_author_info":{"display_name":"Admin Elleganza","author_link":"https:\/\/elleganza.cl\/?author=0"},"uagb_comment_info":0,"uagb_excerpt":"Aro ba\u00f1ado en oro 18k, hipoalerg\u00e9nicos. Di\u00e1metro argolla: 4 cm\u200b.","jetpack_sharing_enabled":true,"_links":{"self":[{"href":"https:\/\/elleganza.cl\/index.php?rest_route=\/wp\/v2\/product\/110","targetHints":{"allow":["GET"]}}],"collection":[{"href":"https:\/\/elleganza.cl\/index.php?rest_route=\/wp\/v2\/product"}],"about":[{"href":"https:\/\/elleganza.cl\/index.php?rest_route=\/wp\/v2\/types\/product"}],"replies":[{"embeddable":true,"href":"https:\/\/elleganza.cl\/index.php?rest_route=%2Fwp%2Fv2%2Fcomments&post=110"}],"wp:featuredmedia":[{"embeddable":true,"href":"https:\/\/elleganza.cl\/index.php?rest_route=\/wp\/v2\/media\/447"}],"wp:attachment":[{"href":"https:\/\/elleganza.cl\/index.php?rest_route=%2Fwp%2Fv2%2Fmedia&parent=110"}],"wp:term":[{"taxonomy":"product_brand","embeddable":true,"href":"https:\/\/elleganza.cl\/index.php?rest_route=%2Fwp%2Fv2%2Fproduct_brand&post=110"},{"taxonomy":"product_cat","embeddable":true,"href":"https:\/\/elleganza.cl\/index.php?rest_route=%2Fwp%2Fv2%2Fproduct_cat&post=110"},{"taxonomy":"product_tag","embeddable":true,"href":"https:\/\/elleganza.cl\/index.php?rest_route=%2Fwp%2Fv2%2Fproduct_tag&post=110"}],"curies":[{"name":"wp","href":"https:\/\/api.w.org\/{rel}","templated":true}]}}