{"id":118,"date":"2024-06-18T17:47:16","date_gmt":"2024-06-18T21:47:16","guid":{"rendered":"https:\/\/elleganza.cl\/?post_type=product&#038;p=118"},"modified":"2024-11-24T17:34:39","modified_gmt":"2024-11-24T21:34:39","slug":"cadena-eslabon-con-corazon-m","status":"publish","type":"product","link":"https:\/\/elleganza.cl\/?product=cadena-eslabon-con-corazon-m","title":{"rendered":"Cadena eslab\u00f3n con coraz\u00f3n"},"content":{"rendered":"<p>Cadena eslab\u00f3n con coraz\u00f3n<\/p>\n<p><img loading=\"lazy\" decoding=\"async\" class=\"alignnone size-medium wp-image-129\" src=\"https:\/\/elleganza.cl\/wp-content\/uploads\/2024\/06\/joya_0013-300x296.jpg\" alt=\"\" width=\"300\" height=\"296\" srcset=\"https:\/\/elleganza.cl\/wp-content\/uploads\/2024\/06\/joya_0013-300x296.jpg 300w, https:\/\/elleganza.cl\/wp-content\/uploads\/2024\/06\/joya_0013-100x100.jpg 100w, https:\/\/elleganza.cl\/wp-content\/uploads\/2024\/06\/joya_0013-600x592.jpg 600w, https:\/\/elleganza.cl\/wp-content\/uploads\/2024\/06\/joya_0013-768x757.jpg 768w, https:\/\/elleganza.cl\/wp-content\/uploads\/2024\/06\/joya_0013.jpg 863w\" sizes=\"auto, (max-width: 300px) 100vw, 300px\" \/><\/p>\n","protected":false},"excerpt":{"rendered":"<p>Cadena eslab\u00f3n con coraz\u00f3n<\/p>\n<p><img loading=\"lazy\" decoding=\"async\" class=\"alignnone size-medium wp-image-129\" src=\"https:\/\/elleganza.cl\/wp-content\/uploads\/2024\/06\/joya_0013-300x296.jpg\" alt=\"\" width=\"300\" height=\"296\" srcset=\"https:\/\/elleganza.cl\/wp-content\/uploads\/2024\/06\/joya_0013-300x296.jpg 300w, https:\/\/elleganza.cl\/wp-content\/uploads\/2024\/06\/joya_0013-100x100.jpg 100w, https:\/\/elleganza.cl\/wp-content\/uploads\/2024\/06\/joya_0013-600x592.jpg 600w, https:\/\/elleganza.cl\/wp-content\/uploads\/2024\/06\/joya_0013-768x757.jpg 768w, https:\/\/elleganza.cl\/wp-content\/uploads\/2024\/06\/joya_0013.jpg 863w\" sizes=\"auto, (max-width: 300px) 100vw, 300px\" \/><\/p>\n","protected":false},"featured_media":129,"comment_status":"closed","ping_status":"closed","template":"","meta":{"_uag_custom_page_level_css":""},"product_brand":[],"product_cat":[25,19],"product_tag":[33],"class_list":{"0":"post-118","1":"product","2":"type-product","3":"status-publish","4":"has-post-thumbnail","6":"product_cat-collares","7":"product_cat-joyas","8":"product_tag-joyas-joyaschile","9":"product_shipping_class-pequeno","11":"first","12":"instock","13":"shipping-taxable","14":"purchasable","15":"product-type-simple"},"uagb_featured_image_src":{"full":["https:\/\/elleganza.cl\/wp-content\/uploads\/2024\/06\/joya_0013.jpg",863,851,false],"thumbnail":["https:\/\/elleganza.cl\/wp-content\/uploads\/2024\/06\/joya_0013-150x150.jpg",150,150,true],"medium":["https:\/\/elleganza.cl\/wp-content\/uploads\/2024\/06\/joya_0013-300x296.jpg",300,296,true],"medium_large":["https:\/\/elleganza.cl\/wp-content\/uploads\/2024\/06\/joya_0013-768x757.jpg",768,757,true],"large":["https:\/\/elleganza.cl\/wp-content\/uploads\/2024\/06\/joya_0013.jpg",863,851,false],"1536x1536":["https:\/\/elleganza.cl\/wp-content\/uploads\/2024\/06\/joya_0013.jpg",863,851,false],"2048x2048":["https:\/\/elleganza.cl\/wp-content\/uploads\/2024\/06\/joya_0013.jpg",863,851,false],"mailpoet_newsletter_max":["https:\/\/elleganza.cl\/wp-content\/uploads\/2024\/06\/joya_0013.jpg",863,851,false],"woocommerce_thumbnail":["https:\/\/elleganza.cl\/wp-content\/uploads\/2024\/06\/joya_0013-450x450.jpg",450,450,true],"woocommerce_single":["https:\/\/elleganza.cl\/wp-content\/uploads\/2024\/06\/joya_0013-600x592.jpg",600,592,true],"woocommerce_gallery_thumbnail":["https:\/\/elleganza.cl\/wp-content\/uploads\/2024\/06\/joya_0013-100x100.jpg",100,100,true]},"uagb_author_info":{"display_name":"Admin Elleganza","author_link":"https:\/\/elleganza.cl\/?author=0"},"uagb_comment_info":0,"uagb_excerpt":"Cadena eslab\u00f3n con coraz\u00f3n","jetpack_sharing_enabled":true,"_links":{"self":[{"href":"https:\/\/elleganza.cl\/index.php?rest_route=\/wp\/v2\/product\/118","targetHints":{"allow":["GET"]}}],"collection":[{"href":"https:\/\/elleganza.cl\/index.php?rest_route=\/wp\/v2\/product"}],"about":[{"href":"https:\/\/elleganza.cl\/index.php?rest_route=\/wp\/v2\/types\/product"}],"replies":[{"embeddable":true,"href":"https:\/\/elleganza.cl\/index.php?rest_route=%2Fwp%2Fv2%2Fcomments&post=118"}],"wp:featuredmedia":[{"embeddable":true,"href":"https:\/\/elleganza.cl\/index.php?rest_route=\/wp\/v2\/media\/129"}],"wp:attachment":[{"href":"https:\/\/elleganza.cl\/index.php?rest_route=%2Fwp%2Fv2%2Fmedia&parent=118"}],"wp:term":[{"taxonomy":"product_brand","embeddable":true,"href":"https:\/\/elleganza.cl\/index.php?rest_route=%2Fwp%2Fv2%2Fproduct_brand&post=118"},{"taxonomy":"product_cat","embeddable":true,"href":"https:\/\/elleganza.cl\/index.php?rest_route=%2Fwp%2Fv2%2Fproduct_cat&post=118"},{"taxonomy":"product_tag","embeddable":true,"href":"https:\/\/elleganza.cl\/index.php?rest_route=%2Fwp%2Fv2%2Fproduct_tag&post=118"}],"curies":[{"name":"wp","href":"https:\/\/api.w.org\/{rel}","templated":true}]}}