{"id":505,"date":"2024-11-24T20:35:01","date_gmt":"2024-11-25T00:35:01","guid":{"rendered":"https:\/\/elleganza.cl\/?post_type=product&#038;p=505"},"modified":"2024-11-24T21:38:54","modified_gmt":"2024-11-25T01:38:54","slug":"cadena-con-medalla-virgen-nina","status":"publish","type":"product","link":"https:\/\/elleganza.cl\/?product=cadena-con-medalla-virgen-nina","title":{"rendered":"Cadena con medalla virgen ni\u00f1a"},"content":{"rendered":"<p>Cadena con medalla de virgen ni\u00f1a, de n\u00e1car. Ba\u00f1ada en Oro 18k<\/p>\n","protected":false},"excerpt":{"rendered":"<p>Cadena con medalla de virgen ni\u00f1a, de n\u00e1car. Ba\u00f1ada en Oro 18k<\/p>\n","protected":false},"featured_media":506,"comment_status":"closed","ping_status":"closed","template":"","meta":{"_uag_custom_page_level_css":""},"product_brand":[],"product_cat":[25,19],"product_tag":[40,42],"class_list":{"0":"post-505","1":"product","2":"type-product","3":"status-publish","4":"has-post-thumbnail","6":"product_cat-collares","7":"product_cat-joyas","8":"product_tag-banadas-oro","9":"product_tag-medalla","11":"first","12":"instock","13":"shipping-taxable","14":"purchasable","15":"product-type-simple"},"uagb_featured_image_src":{"full":["https:\/\/elleganza.cl\/wp-content\/uploads\/2024\/11\/virgen-nina.png",263,377,false],"thumbnail":["https:\/\/elleganza.cl\/wp-content\/uploads\/2024\/11\/virgen-nina-150x150.png",150,150,true],"medium":["https:\/\/elleganza.cl\/wp-content\/uploads\/2024\/11\/virgen-nina-209x300.png",209,300,true],"medium_large":["https:\/\/elleganza.cl\/wp-content\/uploads\/2024\/11\/virgen-nina.png",263,377,false],"large":["https:\/\/elleganza.cl\/wp-content\/uploads\/2024\/11\/virgen-nina.png",263,377,false],"1536x1536":["https:\/\/elleganza.cl\/wp-content\/uploads\/2024\/11\/virgen-nina.png",263,377,false],"2048x2048":["https:\/\/elleganza.cl\/wp-content\/uploads\/2024\/11\/virgen-nina.png",263,377,false],"mailpoet_newsletter_max":["https:\/\/elleganza.cl\/wp-content\/uploads\/2024\/11\/virgen-nina.png",263,377,false],"woocommerce_thumbnail":["https:\/\/elleganza.cl\/wp-content\/uploads\/2024\/11\/virgen-nina.png",263,377,false],"woocommerce_single":["https:\/\/elleganza.cl\/wp-content\/uploads\/2024\/11\/virgen-nina.png",263,377,false],"woocommerce_gallery_thumbnail":["https:\/\/elleganza.cl\/wp-content\/uploads\/2024\/11\/virgen-nina-100x100.png",100,100,true]},"uagb_author_info":{"display_name":"Admin Elleganza","author_link":"https:\/\/elleganza.cl\/?author=0"},"uagb_comment_info":0,"uagb_excerpt":"Cadena con medalla de virgen ni\u00f1a, de n\u00e1car. Ba\u00f1ada en Oro 18k","jetpack_sharing_enabled":true,"_links":{"self":[{"href":"https:\/\/elleganza.cl\/index.php?rest_route=\/wp\/v2\/product\/505","targetHints":{"allow":["GET"]}}],"collection":[{"href":"https:\/\/elleganza.cl\/index.php?rest_route=\/wp\/v2\/product"}],"about":[{"href":"https:\/\/elleganza.cl\/index.php?rest_route=\/wp\/v2\/types\/product"}],"replies":[{"embeddable":true,"href":"https:\/\/elleganza.cl\/index.php?rest_route=%2Fwp%2Fv2%2Fcomments&post=505"}],"wp:featuredmedia":[{"embeddable":true,"href":"https:\/\/elleganza.cl\/index.php?rest_route=\/wp\/v2\/media\/506"}],"wp:attachment":[{"href":"https:\/\/elleganza.cl\/index.php?rest_route=%2Fwp%2Fv2%2Fmedia&parent=505"}],"wp:term":[{"taxonomy":"product_brand","embeddable":true,"href":"https:\/\/elleganza.cl\/index.php?rest_route=%2Fwp%2Fv2%2Fproduct_brand&post=505"},{"taxonomy":"product_cat","embeddable":true,"href":"https:\/\/elleganza.cl\/index.php?rest_route=%2Fwp%2Fv2%2Fproduct_cat&post=505"},{"taxonomy":"product_tag","embeddable":true,"href":"https:\/\/elleganza.cl\/index.php?rest_route=%2Fwp%2Fv2%2Fproduct_tag&post=505"}],"curies":[{"name":"wp","href":"https:\/\/api.w.org\/{rel}","templated":true}]}}